{"id":2717,"date":"2024-05-15T11:39:37","date_gmt":"2024-05-15T11:39:37","guid":{"rendered":"https:\/\/highfrequency.tv\/?page_id=2717"},"modified":"2024-06-06T11:05:58","modified_gmt":"2024-06-06T11:05:58","slug":"a-propos-de-high-frequency-tv","status":"publish","type":"page","link":"https:\/\/highfrequency.tv\/?page_id=2717&lang=fr","title":{"rendered":"\u00c0 propos de nous"},"content":{"rendered":"\n<h2 class=\"wp-block-heading has-text-align-center\"><strong>\u00c0 propos de nous<\/strong><\/h2>\n\n\n<div class=\"wp-block-image\">\n<figure class=\"aligncenter size-full is-resized\"><a href=\"https:\/\/highfrequency.tv\/fr\/a-propos-de-high-frequency-tv\/\"><img loading=\"lazy\" decoding=\"async\" width=\"500\" height=\"500\" src=\"https:\/\/highfrequency.tv\/wp-content\/uploads\/2024\/06\/MicrosoftTeams-image-46.png\" alt=\"\u00c0 propos de High Frequency TV\" class=\"wp-image-4429\" style=\"width:287px;height:auto\" srcset=\"https:\/\/highfrequency.tv\/wp-content\/uploads\/2024\/06\/MicrosoftTeams-image-46.png 500w, https:\/\/highfrequency.tv\/wp-content\/uploads\/2024\/06\/MicrosoftTeams-image-46-300x300.png 300w, https:\/\/highfrequency.tv\/wp-content\/uploads\/2024\/06\/MicrosoftTeams-image-46-150x150.png 150w, https:\/\/highfrequency.tv\/wp-content\/uploads\/2024\/06\/MicrosoftTeams-image-46-100x100.png 100w\" sizes=\"auto, (max-width: 500px) 100vw, 500px\" \/><\/a><\/figure>\n<\/div>\n\n\n<h2 class=\"wp-block-heading has-text-align-center\"><strong>Notre Mission chez High Frequency TV<\/strong><\/h2>\n\n\n\n<p class=\"has-text-align-center\">Chez <strong><a href=\"http:\/\/highfrequency.ma\">High Frequency TV<\/a><\/strong>, nous sommes passionn\u00e9ment d\u00e9di\u00e9s \u00e0 autonomiser, transformer et inspirer nos auditeurs et spectateurs. En effet, notre objectif est de transformer les r\u00eaves en r\u00e9alit\u00e9s tangibles.<\/p>\n\n\n\n<h2 class=\"wp-block-heading has-text-align-center\"><strong>Qui nous sommes<\/strong><\/h2>\n\n\n\n<p class=\"has-text-align-center\">Bienvenue chez HFTV. En tant que principal hub d&#8217;inspiration et de croissance au Maroc, notre \u00e9quipe est compos\u00e9e de visionnaires. Ces visionnaires incluent des entrepreneurs et des d\u00e9fenseurs du bien-\u00eatre. De plus, nous mettons en lumi\u00e8re des histoires transformatrices qui r\u00e9sonnent \u00e0 une fr\u00e9quence plus \u00e9lev\u00e9e.<\/p>\n\n\n\n<h2 class=\"wp-block-heading has-text-align-center\"><strong>Pourquoi High Frequency TV Existe<\/strong><\/h2>\n\n\n\n<p class=\"has-text-align-center\">HFTV a \u00e9t\u00e9 sp\u00e9cifiquement cr\u00e9\u00e9 pour fournir un espace o\u00f9 les histoires motivantes ne sont pas seulement entendues; elles sont ressenties et v\u00e9cues. Par cons\u00e9quent, nous visons \u00e0 \u00eatre un phare d&#8217;inspiration pour ceux qui cherchent \u00e0 \u00e9lever leur vie et \u00e0 se connecter avec une communaut\u00e9 mondiale de personnes partageant les m\u00eames id\u00e9es.<\/p>\n\n\n\n<h2 class=\"wp-block-heading has-text-align-center\"><strong>\u00c0 Qui Nous Servons Chez High Frequency TV<\/strong><\/h2>\n\n\n\n<p class=\"has-text-align-center\">Notre contenu est con\u00e7u pour les r\u00eaveurs, les faiseurs et les penseurs. De plus, HFTV sert toute personne cherchant \u00e0 am\u00e9liorer son parcours de vie et \u00e0 adopter un \u00e9tat d&#8217;esprit qui d\u00e9passe l&#8217;ordinaire.<\/p>\n\n\n\n<h2 class=\"wp-block-heading has-text-align-center\"><strong>Ce Que High Frequency TV Fournit<\/strong><\/h2>\n\n\n\n<p class=\"has-text-align-center\">HFTV offre plus qu&#8217;une simple plateforme. C&#8217;est une exp\u00e9rience immersive dans la croissance et l&#8217;autonomisation. Chaque \u00e9pisode vous invite \u00e0 plonger plus profond\u00e9ment dans l&#8217;inspiration, en fournissant des outils pour \u00e9lever votre vie personnelle et professionnelle.<\/p>\n\n\n\n<h2 class=\"wp-block-heading has-text-align-center\"><strong>Croyances Fondamentales de High Frequency TV<\/strong><\/h2>\n\n\n\n<p class=\"has-text-align-center\">Nous croyons fermement en le pouvoir des histoires pour inspirer et transformer les vies. Chaque individu a le potentiel de s&#8217;accorder \u00e0 sa fr\u00e9quence sup\u00e9rieure et de r\u00e9aliser un changement significatif dans sa vie et celle des autres. Importamment, cette croyance motive tout ce que nous faisons.<\/p>\n\n\n\n<h2 class=\"wp-block-heading has-text-align-center\"><strong>Notre histoire<\/strong><\/h2>\n\n\n\n<p class=\"has-text-align-center\">HFTV est n\u00e9 dans le c\u0153ur vibrant du Maroc. Notre vision \u00e9tait de cr\u00e9er un espace o\u00f9 les histoires d&#8217;entrepreneurs et de d\u00e9fenseurs du bien-\u00eatre pourraient \u00eatre partag\u00e9es \u00e0 l&#8217;\u00e9chelle mondiale. De m\u00eame, chaque histoire que nous partageons vise \u00e0 allumer l&#8217;inspiration et \u00e0 repousser les limites, cr\u00e9ant un monde o\u00f9 chaque histoire inspire et \u00e9l\u00e8ve.<\/p>\n\n\n\n<h2 class=\"wp-block-heading has-text-align-center\"><strong>Contactez-nous<\/strong><\/h2>\n\n\n<p style=\"text-align: center;\"><span class=\"mks_highlight\" style=\"background-color: #dd9933\"><\/span>\u00a0 \u00a0 Si vous avez des questions ou des pr\u00e9occupations, vous pouvez nous contacter \u00e0 <a href=\"mailto:contact@highfrequency.tv\">contact@highfrequency.tv<\/a>.<\/p>","protected":false},"excerpt":{"rendered":"<p>\u00c0 propos de nous Notre Mission chez High Frequency TV Chez High Frequency TV, nous sommes passionn\u00e9ment d\u00e9di\u00e9s \u00e0 autonomiser, transformer et inspirer nos auditeurs et spectateurs. En effet, notre objectif est de transformer les r\u00eaves en r\u00e9alit\u00e9s tangibles. Qui nous sommes Bienvenue chez HFTV. En tant que principal hub d&#8217;inspiration et de croissance au [&hellip;]<\/p>\n","protected":false},"author":1,"featured_media":0,"parent":0,"menu_order":0,"comment_status":"closed","ping_status":"closed","template":"","meta":{"footnotes":""},"class_list":["post-2717","page","type-page","status-publish","hentry"],"_links":{"self":[{"href":"https:\/\/highfrequency.tv\/index.php?rest_route=\/wp\/v2\/pages\/2717","targetHints":{"allow":["GET"]}}],"collection":[{"href":"https:\/\/highfrequency.tv\/index.php?rest_route=\/wp\/v2\/pages"}],"about":[{"href":"https:\/\/highfrequency.tv\/index.php?rest_route=\/wp\/v2\/types\/page"}],"author":[{"embeddable":true,"href":"https:\/\/highfrequency.tv\/index.php?rest_route=\/wp\/v2\/users\/1"}],"replies":[{"embeddable":true,"href":"https:\/\/highfrequency.tv\/index.php?rest_route=%2Fwp%2Fv2%2Fcomments&post=2717"}],"version-history":[{"count":0,"href":"https:\/\/highfrequency.tv\/index.php?rest_route=\/wp\/v2\/pages\/2717\/revisions"}],"wp:attachment":[{"href":"https:\/\/highfrequency.tv\/index.php?rest_route=%2Fwp%2Fv2%2Fmedia&parent=2717"}],"curies":[{"name":"wp","href":"https:\/\/api.w.org\/{rel}","templated":true}]}}