{"id":5673,"date":"2024-08-16T20:22:35","date_gmt":"2024-08-16T20:22:35","guid":{"rendered":"https:\/\/highfrequency.tv\/en\/?page_id=5673"},"modified":"2024-08-30T17:12:21","modified_gmt":"2024-08-30T17:12:21","slug":"livre","status":"publish","type":"page","link":"https:\/\/highfrequency.tv\/?page_id=5673&lang=fr","title":{"rendered":"Livre"},"content":{"rendered":"\n<div class=\"wp-block-columns is-layout-flex wp-container-core-columns-is-layout-9d6595d7 wp-block-columns-is-layout-flex\">\n<div class=\"wp-block-column is-layout-flow wp-block-column-is-layout-flow\">\n<p><\/p>\n\n\n\n<h1 class=\"wp-block-heading\" style=\"font-size:37px\"><strong>R\u00eavez-vous d&#8217;une entreprise prosp\u00e8re ?<\/strong><\/h1>\n\n\n\n<p style=\"font-size:14px\">Alors, \u00ab DEVIENS L&#8217;ARCHITECTE DE TON PROPRE SUCC\u00c8S \u00bb est le guide pratique qu\u2019il vous faut pour surmonter tous les d\u00e9fis auxquels vous \u00eates confront\u00e9 en tant qu&#8217;entrepreneur. S&#8217;appuyant sur des exp\u00e9riences, des id\u00e9es et des le\u00e7ons tir\u00e9es de la vie r\u00e9elle, Jamal Dahbi vous guide \u00e0 travers la construction d&#8217;une entreprise qui fonctionne. Il vous aide \u00e0 b\u00e2tir une base solide pour votre vision unique, \u00e0 surmonter vos peurs et vos ins\u00e9curit\u00e9s, et \u00e0 construire un r\u00e9seau de soutien. Ainsi, apr\u00e8s avoir lu ce livre, vous aurez en main votre propre formule du succ\u00e8s.<\/p>\n\n\n\n<p style=\"font-size:14px\">Par-dessus tout, vous apprendrez dans ce livre qu&#8217;aucun obstacle n&#8217;est trop grand et que vous pouvez tout surmonter, tant que vous exploitez la puissance de la positivit\u00e9, de la manifestation et de l&#8217;introspection. Levez-vous. Embrassez votre potentiel. Surmontez vos peurs et vos ins\u00e9curit\u00e9s et devenez l&#8217;architecte de votre propre succ\u00e8s.<\/p>\n<\/div>\n\n\n\n<div class=\"wp-block-column is-layout-flow wp-block-column-is-layout-flow\"><div class=\"wp-block-image\">\n<figure class=\"aligncenter size-full is-resized\"><img loading=\"lazy\" decoding=\"async\" width=\"800\" height=\"800\" src=\"https:\/\/highfrequency.tv\/wp-content\/uploads\/2024\/08\/MicrosoftTeams-image-2.png\" alt=\"\" class=\"wp-image-5562\" style=\"width:264px;height:auto\" srcset=\"https:\/\/highfrequency.tv\/wp-content\/uploads\/2024\/08\/MicrosoftTeams-image-2.png 800w, https:\/\/highfrequency.tv\/wp-content\/uploads\/2024\/08\/MicrosoftTeams-image-2-300x300.png 300w, https:\/\/highfrequency.tv\/wp-content\/uploads\/2024\/08\/MicrosoftTeams-image-2-150x150.png 150w, https:\/\/highfrequency.tv\/wp-content\/uploads\/2024\/08\/MicrosoftTeams-image-2-768x768.png 768w\" sizes=\"auto, (max-width: 800px) 100vw, 800px\" \/><\/figure>\n<\/div>\n\n<div class=\"wp-block-image\">\n<figure class=\"aligncenter size-large is-resized\"><img loading=\"lazy\" decoding=\"async\" width=\"1024\" height=\"1024\" src=\"https:\/\/highfrequency.tv\/wp-content\/uploads\/2024\/08\/Design-sans-titre-82j-1024x1024.png\" alt=\"\" class=\"wp-image-5563\" style=\"width:242px;height:auto\" srcset=\"https:\/\/highfrequency.tv\/wp-content\/uploads\/2024\/08\/Design-sans-titre-82j-1024x1024.png 1024w, https:\/\/highfrequency.tv\/wp-content\/uploads\/2024\/08\/Design-sans-titre-82j-300x300.png 300w, https:\/\/highfrequency.tv\/wp-content\/uploads\/2024\/08\/Design-sans-titre-82j-150x150.png 150w, https:\/\/highfrequency.tv\/wp-content\/uploads\/2024\/08\/Design-sans-titre-82j-768x768.png 768w, https:\/\/highfrequency.tv\/wp-content\/uploads\/2024\/08\/Design-sans-titre-82j.png 1080w\" sizes=\"auto, (max-width: 1024px) 100vw, 1024px\" \/><\/figure>\n<\/div>\n\n\n<div class=\"wp-block-buttons is-content-justification-center is-layout-flex wp-container-core-buttons-is-layout-16018d1d wp-block-buttons-is-layout-flex\">\n<div class=\"wp-block-button\"><a class=\"wp-block-button__link has-text-align-center wp-element-button\" href=\"https:\/\/jamaldahbi.com\/product\/be-the-architect-of-your-own-success\/\">buy now<\/a><\/div>\n<\/div>\n<\/div>\n<\/div>\n\n\n\n<div class=\"wp-block-columns has-vlog-bg-color has-text-color has-background has-link-color wp-elements-8b2bbf21f7548eb019b8702d4bfc603e is-layout-flex wp-container-core-columns-is-layout-9d6595d7 wp-block-columns-is-layout-flex\" style=\"background-color:#211f1f\">\n<div class=\"wp-block-column is-layout-flow wp-block-column-is-layout-flow\">\n<h6 class=\"wp-block-heading has-vlog-bg-color has-text-color has-link-color wp-elements-37593bf3f1f62733911e5cd47845b26a\">Introduce<\/h6>\n\n\n\n<h2 class=\"wp-block-heading has-vlog-bg-color has-text-color has-link-color wp-elements-91a2e86c827fb44343dcd2949b0cc23f\" style=\"font-size:30px\"><strong>Jamal Dahbi<\/strong><\/h2>\n\n\n\n<p class=\"has-small-font-size\">Jamal Dahbi is a source of unwavering inspiration. His life\u2019s narrative is a testament to resilience, embodying the adage that one can emerge stronger from adversity. Jamal\u2019s journey from hardship to triumph fuels his passion for helping others realize their full potential. As a revered motivational speaker, life coach, and entrepreneur, he radiates positivity and determination, motivating individuals worldwide to overcome challenges and create lives filled with purpose and fulfillment.<\/p>\n\n\n\n<p class=\"has-small-font-size\">Jamal Dahbi\u2019s impact extends far beyond his words and actions; he\u2019s an embodiment of the limitless possibilities that come with the right mindset and relentless perseverance. Through his book and powerful presentations, he instills in others the belief that they, too, can aspire to greatness and craft their path to success. Jamal Dahbi isn\u2019t just an individual; he\u2019s a living testament to the extraordinary heights one can reach when they choose to be the architects of their own success.<\/p>\n<\/div>\n\n\n\n<div class=\"wp-block-column is-layout-flow wp-block-column-is-layout-flow\">\n<div style=\"height:15px\" aria-hidden=\"true\" class=\"wp-block-spacer\"><\/div>\n\n\n\n<figure class=\"wp-block-image size-large is-resized\"><img loading=\"lazy\" decoding=\"async\" width=\"683\" height=\"1024\" src=\"https:\/\/highfrequency.tv\/wp-content\/uploads\/2024\/08\/dahbi-683x1024.webp\" alt=\"\" class=\"wp-image-5727\" style=\"width:345px;height:auto\" srcset=\"https:\/\/highfrequency.tv\/wp-content\/uploads\/2024\/08\/dahbi-683x1024.webp 683w, https:\/\/highfrequency.tv\/wp-content\/uploads\/2024\/08\/dahbi-200x300.webp 200w, https:\/\/highfrequency.tv\/wp-content\/uploads\/2024\/08\/dahbi-768x1152.webp 768w, https:\/\/highfrequency.tv\/wp-content\/uploads\/2024\/08\/dahbi-1024x1536.webp 1024w, https:\/\/highfrequency.tv\/wp-content\/uploads\/2024\/08\/dahbi-1365x2048.webp 1365w, https:\/\/highfrequency.tv\/wp-content\/uploads\/2024\/08\/dahbi-scaled.webp 1707w\" sizes=\"auto, (max-width: 683px) 100vw, 683px\" \/><\/figure>\n<\/div>\n<\/div>\n\n\n\n<h2 class=\"wp-block-heading\"><strong><mark style=\"background-color:rgba(0, 0, 0, 0);color:#f89206\" class=\"has-inline-color\">\u00c9COUTEZ&nbsp;<\/mark>&nbsp;SUR<\/strong><\/h2>\n\n\n\n<meta charset=\"UTF-8\">\n    <meta name=\"viewport\" content=\"width=device-width, initial-scale=1.0\">\n    <title>\u00c9l\u00e9ments avec logos cliquables<\/title>\n    <style>\n        \/* Style CSS pour aligner les logos sur la m\u00eame ligne *\/\n        .logos-container {\n           display: flex;\n    justify-content: space-around;\n    align-items: center;\n    flex-wrap: wrap;\n        }\n        .logo {\n            width: 120px; \/* Largeur des logos (\u00e0 ajuster selon vos besoins) *\/\n\n            height: auto; \/* Hauteur automatique pour conserver les proportions *\/\n        }\n    <\/style>\n\n\n    <!-- Contenu de la page -->\n\n        <div class=\"logos-container\">\n        <a href=\"https:\/\/www.youtube.com\/@HfTv.Podcast\" target=\"blank\" rel=\"noopener\"><img decoding=\"async\" class=\"logo\" src=\"\/wp-content\/uploads\/2024\/04\/HF-youtube-platforme.png\" alt=\"youtube\"><\/a\n        <a href=\"https:\/\/podcasts.google.com\/feed\/aHR0cHM6Ly9tZWRpYS5yc3MuY29tL2hpZ2hmcmVxdWVuY3kvZmVlZC54bWw=\" target=\"blank\" rel=\"noopener\"><img decoding=\"async\" class=\"logo\" src=\"\/wp-content\/uploads\/2024\/04\/HF-googlepodca-platforme.png\" alt=\"Podcast\"><\/a>\n        <a href=\"https:\/\/open.spotify.com\/show\/27GX9Xt39PyJkIg48eGP2J\" target=\"blank\" rel=\"noopener\"><img decoding=\"async\" class=\"logo\" src=\"\/wp-content\/uploads\/2024\/04\/HF-spotify-platforme.png\" alt=\"Spotify\"><\/a>\n        <a href=\"https:\/\/tunein.com\/radio\/High-Frequency-Podcast-p3520954\/\" target=\"blank\" rel=\"noopener\"><img decoding=\"async\" class=\"logo\" src=\"\/wp-content\/uploads\/2024\/04\/HF-tunein-platforme.png\" alt=\"Tunein\"><\/a>\n        <a href=\"https:\/\/www.deezer.com\/fr\/show\/5825327\" target=\"blank\" rel=\"noopener\"><img decoding=\"async\" class=\"logo\" src=\"\/wp-content\/uploads\/2024\/04\/HF-deezer-platforme.png\" alt=\"Deezer\"><\/a>\n        <a href=\"https:\/\/www.stitcher.com\/show\/high-frequency-podcast\" target=\"blank\" rel=\"noopener\"><img decoding=\"async\" class=\"logo\" src=\"\/wp-content\/uploads\/2024\/04\/HF-stitcher-platforme.png\" alt=\"Stitcher\"><\/a>\n    <\/div>\n","protected":false},"excerpt":{"rendered":"<p>R\u00eavez-vous d&#8217;une entreprise prosp\u00e8re ? Alors, \u00ab DEVIENS L&#8217;ARCHITECTE DE TON PROPRE SUCC\u00c8S \u00bb est le guide pratique qu\u2019il vous faut pour surmonter tous les d\u00e9fis auxquels vous \u00eates confront\u00e9 en tant qu&#8217;entrepreneur. S&#8217;appuyant sur des exp\u00e9riences, des id\u00e9es et des le\u00e7ons tir\u00e9es de la vie r\u00e9elle, Jamal Dahbi vous guide \u00e0 travers la construction [&hellip;]<\/p>\n","protected":false},"author":1,"featured_media":0,"parent":0,"menu_order":0,"comment_status":"closed","ping_status":"closed","template":"elementor_theme","meta":{"footnotes":""},"class_list":["post-5673","page","type-page","status-publish","hentry"],"_links":{"self":[{"href":"https:\/\/highfrequency.tv\/index.php?rest_route=\/wp\/v2\/pages\/5673","targetHints":{"allow":["GET"]}}],"collection":[{"href":"https:\/\/highfrequency.tv\/index.php?rest_route=\/wp\/v2\/pages"}],"about":[{"href":"https:\/\/highfrequency.tv\/index.php?rest_route=\/wp\/v2\/types\/page"}],"author":[{"embeddable":true,"href":"https:\/\/highfrequency.tv\/index.php?rest_route=\/wp\/v2\/users\/1"}],"replies":[{"embeddable":true,"href":"https:\/\/highfrequency.tv\/index.php?rest_route=%2Fwp%2Fv2%2Fcomments&post=5673"}],"version-history":[{"count":20,"href":"https:\/\/highfrequency.tv\/index.php?rest_route=\/wp\/v2\/pages\/5673\/revisions"}],"predecessor-version":[{"id":5804,"href":"https:\/\/highfrequency.tv\/index.php?rest_route=\/wp\/v2\/pages\/5673\/revisions\/5804"}],"wp:attachment":[{"href":"https:\/\/highfrequency.tv\/index.php?rest_route=%2Fwp%2Fv2%2Fmedia&parent=5673"}],"curies":[{"name":"wp","href":"https:\/\/api.w.org\/{rel}","templated":true}]}}